{"id":372,"date":"2014-10-14T17:13:07","date_gmt":"2014-10-14T15:13:07","guid":{"rendered":"http:\/\/pro-legal-team.rs\/?page_id=372"},"modified":"2016-09-17T11:41:10","modified_gmt":"2016-09-17T09:41:10","slug":"status-foreign-nationals","status":"publish","type":"page","link":"https:\/\/pro-legal-team.rs\/en\/legal-services\/status-foreign-nationals\/","title":{"rendered":"Status of foreign nationals"},"content":{"rendered":"<p>[et_pb_section fullwidth=&#8221;on&#8221; specialty=&#8221;off&#8221; transparent_background=&#8221;off&#8221; background_color=&#8221;#4a88bf&#8221; inner_shadow=&#8221;on&#8221; parallax=&#8221;off&#8221; parallax_method=&#8221;off&#8221;][et_pb_fullwidth_header admin_label=&#8221;Fullwidth Header&#8221; title=&#8221;Status of foreign nationals&#8221; background_layout=&#8221;dark&#8221; text_orientation=&#8221;left&#8221; \/][\/et_pb_section][et_pb_section fullwidth=&#8221;off&#8221; specialty=&#8221;on&#8221;][et_pb_column type=&#8221;2_3&#8243; specialty_columns=&#8221;2&#8243;][et_pb_row_inner][et_pb_column_inner type=&#8221;4_4&#8243;][et_pb_text admin_label=&#8221;Text&#8221; background_layout=&#8221;light&#8221; text_orientation=&#8221;left&#8221;]<\/p>\n<p>We help clients \u00a0to better protect and exercise their rights under the law &#8211; visa procedures, residence, permanent residence of foreigners, asylum &#8230;<\/p>\n<p>With the development and improvement of our society there are evidently more\u00a0 foreigners in the Republic of Serbia. Regardless of whether an foreign citizen is here attending some kind of school \u00a0or currently working in the RS, we get to the following questions: visa procedures, residence, permanent residence of foreigners, asylum, various measures against foreign nationals.<\/p>\n<p>These and other issues are regulated by the Law on Movement and Stay of foreign citizens . A foreign citizen should \u00a0communicate with the police department and for foreigners that has three divisions: the Status of Foreigners and Control, Department of the reception and accommodation of foreigners and the Department of asylum.<\/p>\n<p>How procedures can often be insufficiently clear, we are helping clients to better protect and exercise their rights under the law.<\/p>\n<p>&nbsp;<\/p>\n<p>[dvk_social_sharing][\/et_pb_text][\/et_pb_column_inner][\/et_pb_row_inner][\/et_pb_column][et_pb_column type=&#8221;1_3&#8243;][et_pb_sidebar admin_label=&#8221;Sidebar&#8221; orientation=&#8221;right&#8221; area=&#8221;et_pb_widget_area_1&#8243; background_layout=&#8221;light&#8221; \/][\/et_pb_column][\/et_pb_section]<\/p>\n","protected":false},"excerpt":{"rendered":"<p>We help clients \u00a0to better protect and exercise their rights under the law &#8211; visa procedures, residence, permanent residence of foreigners, asylum &#8230; With the development and improvement of our society there are evidently more\u00a0 foreigners in the Republic of Serbia. Regardless of whether an foreign citizen is here attending some kind of school \u00a0or [&hellip;]<\/p>\n","protected":false},"author":1,"featured_media":0,"parent":325,"menu_order":0,"comment_status":"open","ping_status":"open","template":"","meta":{"_et_pb_use_builder":"on","_et_pb_old_content":"<p>Sa razvojem i unapre\u0111enjem na\u0161eg dru\u0161tva sve je vi\u0161e prisutno stranaca u Republici Srbiji. Nezavisno od toga, da li se stranac ovde \u0161koluje ili trenutno radi u RS, postavljaju se slede\u0107a pitanja: regulisanja viza, boravka, stalnog nastanjenja stranaca, azila, razli\u010ditih mere prema stranim dr\u017eavljanima.<\/p><p>Ta i druga pitanja regulisana su Zakonom o kretanju i boravku stranaca. Stranac je upu\u0107en na komunikaciju sa MUP-om i odeljenjem za strance koje ima tri Odseka: Odsek za statusna pitanja i kontrolu stranaca, Odsek za prihvat i sme\u0161taj stranaca i Odsek za azil.<\/p><p>Kako procedure \u010desto mogu biti nedovoljno jasne, poma\u017eemo klijentima da \u0161to bolje za\u0161tite i iskoriste svoja prava shodno zakonu.<\/p>","_et_gb_content_width":"","footnotes":""},"class_list":["post-372","page","type-page","status-publish","hentry"],"yoast_head":"<!-- This site is optimized with the Yoast SEO plugin v27.2 - https:\/\/yoast.com\/product\/yoast-seo-wordpress\/ -->\n<title>Status of foreign nationals | Law Office Obradovi\u0107 &amp; Vulovi\u0107<\/title>\n<meta name=\"description\" content=\"We help clients to better protect and exercise their rights under the law - visa procedures, residence, permanent residence of foreigners, asylum etc.\" \/>\n<meta name=\"robots\" content=\"index, follow, max-snippet:-1, max-image-preview:large, max-video-preview:-1\" \/>\n<link rel=\"canonical\" href=\"https:\/\/pro-legal-team.rs\/en\/legal-services\/status-foreign-nationals\/\" \/>\n<meta property=\"og:locale\" content=\"en_US\" \/>\n<meta property=\"og:type\" content=\"article\" \/>\n<meta property=\"og:title\" content=\"Status of foreign nationals | Law Office Obradovi\u0107 &amp; Vulovi\u0107\" \/>\n<meta property=\"og:description\" content=\"We help clients to better protect and exercise their rights under the law - visa procedures, residence, permanent residence of foreigners, asylum etc.\" \/>\n<meta property=\"og:url\" content=\"https:\/\/pro-legal-team.rs\/en\/legal-services\/status-foreign-nationals\/\" \/>\n<meta property=\"og:site_name\" content=\"Advokatska kancelarija OV\" \/>\n<meta property=\"article:publisher\" content=\"https:\/\/www.facebook.com\/prolegalteam\" \/>\n<meta property=\"article:modified_time\" content=\"2016-09-17T09:41:10+00:00\" \/>\n<meta name=\"twitter:label1\" content=\"Est. reading time\" \/>\n\t<meta name=\"twitter:data1\" content=\"1 minute\" \/>\n<script type=\"application\/ld+json\" class=\"yoast-schema-graph\">{\"@context\":\"https:\/\/schema.org\",\"@graph\":[{\"@type\":\"WebPage\",\"@id\":\"https:\/\/pro-legal-team.rs\/en\/legal-services\/status-foreign-nationals\/\",\"url\":\"https:\/\/pro-legal-team.rs\/en\/legal-services\/status-foreign-nationals\/\",\"name\":\"Status of foreign nationals | Law Office Obradovi\u0107 & Vulovi\u0107\",\"isPartOf\":{\"@id\":\"https:\/\/pro-legal-team.rs\/#website\"},\"datePublished\":\"2014-10-14T15:13:07+00:00\",\"dateModified\":\"2016-09-17T09:41:10+00:00\",\"description\":\"We help clients to better protect and exercise their rights under the law - visa procedures, residence, permanent residence of foreigners, asylum etc.\",\"breadcrumb\":{\"@id\":\"https:\/\/pro-legal-team.rs\/en\/legal-services\/status-foreign-nationals\/#breadcrumb\"},\"inLanguage\":\"en-US\",\"potentialAction\":[{\"@type\":\"ReadAction\",\"target\":[\"https:\/\/pro-legal-team.rs\/en\/legal-services\/status-foreign-nationals\/\"]}]},{\"@type\":\"BreadcrumbList\",\"@id\":\"https:\/\/pro-legal-team.rs\/en\/legal-services\/status-foreign-nationals\/#breadcrumb\",\"itemListElement\":[{\"@type\":\"ListItem\",\"position\":1,\"name\":\"Po\u010detna\",\"item\":\"https:\/\/pro-legal-team.rs\/en\/\"},{\"@type\":\"ListItem\",\"position\":2,\"name\":\"Legal Services\",\"item\":\"https:\/\/pro-legal-team.rs\/en\/legal-services\/\"},{\"@type\":\"ListItem\",\"position\":3,\"name\":\"Status of foreign nationals\"}]},{\"@type\":\"WebSite\",\"@id\":\"https:\/\/pro-legal-team.rs\/#website\",\"url\":\"https:\/\/pro-legal-team.rs\/\",\"name\":\"Advokatska kancelarija OV\",\"description\":\"\",\"publisher\":{\"@id\":\"https:\/\/pro-legal-team.rs\/#organization\"},\"alternateName\":\"Advokatska kancelarija Obradovi\u0107 Vulovi\u0107\",\"potentialAction\":[{\"@type\":\"SearchAction\",\"target\":{\"@type\":\"EntryPoint\",\"urlTemplate\":\"https:\/\/pro-legal-team.rs\/?s={search_term_string}\"},\"query-input\":{\"@type\":\"PropertyValueSpecification\",\"valueRequired\":true,\"valueName\":\"search_term_string\"}}],\"inLanguage\":\"en-US\"},{\"@type\":\"Organization\",\"@id\":\"https:\/\/pro-legal-team.rs\/#organization\",\"name\":\"Advokatska kancelarija Obradovi\u0107 Vulovi\u0107\",\"alternateName\":\"Advokatska kancelarija OV\",\"url\":\"https:\/\/pro-legal-team.rs\/\",\"logo\":{\"@type\":\"ImageObject\",\"inLanguage\":\"en-US\",\"@id\":\"https:\/\/pro-legal-team.rs\/#\/schema\/logo\/image\/\",\"url\":\"https:\/\/pro-legal-team.rs\/wp-content\/uploads\/2022\/06\/AOV-Advokatska_kancelarija_Obradovic_Vulovic.jpg\",\"contentUrl\":\"https:\/\/pro-legal-team.rs\/wp-content\/uploads\/2022\/06\/AOV-Advokatska_kancelarija_Obradovic_Vulovic.jpg\",\"width\":1920,\"height\":1280,\"caption\":\"Advokatska kancelarija Obradovi\u0107 Vulovi\u0107\"},\"image\":{\"@id\":\"https:\/\/pro-legal-team.rs\/#\/schema\/logo\/image\/\"},\"sameAs\":[\"https:\/\/www.facebook.com\/prolegalteam\"]}]}<\/script>\n<!-- \/ Yoast SEO plugin. -->","yoast_head_json":{"title":"Status of foreign nationals | Law Office Obradovi\u0107 & Vulovi\u0107","description":"We help clients to better protect and exercise their rights under the law - visa procedures, residence, permanent residence of foreigners, asylum etc.","robots":{"index":"index","follow":"follow","max-snippet":"max-snippet:-1","max-image-preview":"max-image-preview:large","max-video-preview":"max-video-preview:-1"},"canonical":"https:\/\/pro-legal-team.rs\/en\/legal-services\/status-foreign-nationals\/","og_locale":"en_US","og_type":"article","og_title":"Status of foreign nationals | Law Office Obradovi\u0107 & Vulovi\u0107","og_description":"We help clients to better protect and exercise their rights under the law - visa procedures, residence, permanent residence of foreigners, asylum etc.","og_url":"https:\/\/pro-legal-team.rs\/en\/legal-services\/status-foreign-nationals\/","og_site_name":"Advokatska kancelarija OV","article_publisher":"https:\/\/www.facebook.com\/prolegalteam","article_modified_time":"2016-09-17T09:41:10+00:00","twitter_misc":{"Est. reading time":"1 minute"},"schema":{"@context":"https:\/\/schema.org","@graph":[{"@type":"WebPage","@id":"https:\/\/pro-legal-team.rs\/en\/legal-services\/status-foreign-nationals\/","url":"https:\/\/pro-legal-team.rs\/en\/legal-services\/status-foreign-nationals\/","name":"Status of foreign nationals | Law Office Obradovi\u0107 & Vulovi\u0107","isPartOf":{"@id":"https:\/\/pro-legal-team.rs\/#website"},"datePublished":"2014-10-14T15:13:07+00:00","dateModified":"2016-09-17T09:41:10+00:00","description":"We help clients to better protect and exercise their rights under the law - visa procedures, residence, permanent residence of foreigners, asylum etc.","breadcrumb":{"@id":"https:\/\/pro-legal-team.rs\/en\/legal-services\/status-foreign-nationals\/#breadcrumb"},"inLanguage":"en-US","potentialAction":[{"@type":"ReadAction","target":["https:\/\/pro-legal-team.rs\/en\/legal-services\/status-foreign-nationals\/"]}]},{"@type":"BreadcrumbList","@id":"https:\/\/pro-legal-team.rs\/en\/legal-services\/status-foreign-nationals\/#breadcrumb","itemListElement":[{"@type":"ListItem","position":1,"name":"Po\u010detna","item":"https:\/\/pro-legal-team.rs\/en\/"},{"@type":"ListItem","position":2,"name":"Legal Services","item":"https:\/\/pro-legal-team.rs\/en\/legal-services\/"},{"@type":"ListItem","position":3,"name":"Status of foreign nationals"}]},{"@type":"WebSite","@id":"https:\/\/pro-legal-team.rs\/#website","url":"https:\/\/pro-legal-team.rs\/","name":"Advokatska kancelarija OV","description":"","publisher":{"@id":"https:\/\/pro-legal-team.rs\/#organization"},"alternateName":"Advokatska kancelarija Obradovi\u0107 Vulovi\u0107","potentialAction":[{"@type":"SearchAction","target":{"@type":"EntryPoint","urlTemplate":"https:\/\/pro-legal-team.rs\/?s={search_term_string}"},"query-input":{"@type":"PropertyValueSpecification","valueRequired":true,"valueName":"search_term_string"}}],"inLanguage":"en-US"},{"@type":"Organization","@id":"https:\/\/pro-legal-team.rs\/#organization","name":"Advokatska kancelarija Obradovi\u0107 Vulovi\u0107","alternateName":"Advokatska kancelarija OV","url":"https:\/\/pro-legal-team.rs\/","logo":{"@type":"ImageObject","inLanguage":"en-US","@id":"https:\/\/pro-legal-team.rs\/#\/schema\/logo\/image\/","url":"https:\/\/pro-legal-team.rs\/wp-content\/uploads\/2022\/06\/AOV-Advokatska_kancelarija_Obradovic_Vulovic.jpg","contentUrl":"https:\/\/pro-legal-team.rs\/wp-content\/uploads\/2022\/06\/AOV-Advokatska_kancelarija_Obradovic_Vulovic.jpg","width":1920,"height":1280,"caption":"Advokatska kancelarija Obradovi\u0107 Vulovi\u0107"},"image":{"@id":"https:\/\/pro-legal-team.rs\/#\/schema\/logo\/image\/"},"sameAs":["https:\/\/www.facebook.com\/prolegalteam"]}]}},"_links":{"self":[{"href":"https:\/\/pro-legal-team.rs\/en\/wp-json\/wp\/v2\/pages\/372","targetHints":{"allow":["GET"]}}],"collection":[{"href":"https:\/\/pro-legal-team.rs\/en\/wp-json\/wp\/v2\/pages"}],"about":[{"href":"https:\/\/pro-legal-team.rs\/en\/wp-json\/wp\/v2\/types\/page"}],"author":[{"embeddable":true,"href":"https:\/\/pro-legal-team.rs\/en\/wp-json\/wp\/v2\/users\/1"}],"replies":[{"embeddable":true,"href":"https:\/\/pro-legal-team.rs\/en\/wp-json\/wp\/v2\/comments?post=372"}],"version-history":[{"count":3,"href":"https:\/\/pro-legal-team.rs\/en\/wp-json\/wp\/v2\/pages\/372\/revisions"}],"predecessor-version":[{"id":388,"href":"https:\/\/pro-legal-team.rs\/en\/wp-json\/wp\/v2\/pages\/372\/revisions\/388"}],"up":[{"embeddable":true,"href":"https:\/\/pro-legal-team.rs\/en\/wp-json\/wp\/v2\/pages\/325"}],"wp:attachment":[{"href":"https:\/\/pro-legal-team.rs\/en\/wp-json\/wp\/v2\/media?parent=372"}],"curies":[{"name":"wp","href":"https:\/\/api.w.org\/{rel}","templated":true}]}}