{"id":363,"date":"2014-10-14T16:38:53","date_gmt":"2014-10-14T14:38:53","guid":{"rendered":"http:\/\/pro-legal-team.rs\/?page_id=363"},"modified":"2016-09-17T11:33:21","modified_gmt":"2016-09-17T09:33:21","slug":"commercial-law","status":"publish","type":"page","link":"https:\/\/pro-legal-team.rs\/en\/legal-services\/commercial-law\/","title":{"rendered":"Commercial Law"},"content":{"rendered":"<p>[et_pb_section fullwidth=&#8221;on&#8221; specialty=&#8221;off&#8221; transparent_background=&#8221;off&#8221; background_color=&#8221;#4486bf&#8221; inner_shadow=&#8221;on&#8221; parallax=&#8221;off&#8221; parallax_method=&#8221;off&#8221;][et_pb_fullwidth_header admin_label=&#8221;Fullwidth Header&#8221; title=&#8221;Commercial Law &#8221; background_layout=&#8221;dark&#8221; text_orientation=&#8221;left&#8221; \/][\/et_pb_section][et_pb_section fullwidth=&#8221;off&#8221; specialty=&#8221;on&#8221;][et_pb_column type=&#8221;2_3&#8243; specialty_columns=&#8221;2&#8243;][et_pb_row_inner][et_pb_column_inner type=&#8221;4_4&#8243;][et_pb_text admin_label=&#8221;Text&#8221; background_layout=&#8221;light&#8221; text_orientation=&#8221;left&#8221;]<\/p>\n<p>Commercial law covers an area of commercial law and corporate law.<\/p>\n<p>In this area we provide:<\/p>\n<ul>\n<li>establishment of companies<\/li>\n<li>other status changes<\/li>\n<li>representing in\u00a0 front of the Agency for Commercial Registers, and representation in bankruptcy proceedings<\/li>\n<li>development of all types of commercial contracts<\/li>\n<li>trading of the shares<\/li>\n<\/ul>\n<p>We are actively involved in developing the strategy and implementing the transaction of commercial contracts.<\/p>\n<p>&nbsp;<\/p>\n<p>[dvk_social_sharing][\/et_pb_text][\/et_pb_column_inner][\/et_pb_row_inner][\/et_pb_column][et_pb_column type=&#8221;1_3&#8243;][et_pb_sidebar admin_label=&#8221;Sidebar&#8221; orientation=&#8221;right&#8221; area=&#8221;et_pb_widget_area_1&#8243; background_layout=&#8221;light&#8221; \/][\/et_pb_column][\/et_pb_section]<\/p>\n","protected":false},"excerpt":{"rendered":"<p>Commercial law covers an area of commercial law and corporate law. In this area we provide: establishment of companies other status changes representing in\u00a0 front of the Agency for Commercial Registers, and representation in bankruptcy proceedings development of all types of commercial contracts trading of the shares We are actively involved in developing the strategy [&hellip;]<\/p>\n","protected":false},"author":1,"featured_media":0,"parent":325,"menu_order":0,"comment_status":"open","ping_status":"open","template":"","meta":{"_et_pb_use_builder":"on","_et_pb_old_content":"<p>Privredno pravo obuhvata oblast trgovinskog prava i kompanijskog prava.<\/p><p>U ovoj oblasti pru\u017eamo usluge:<\/p><ul><li>osnivanja privrednih dru\u0161tava<\/li><li>ostale statusne promene<\/li><li>zastupanje pred Agencijom za privredne registre, kao i zastupanje u Ste\u010dajnom postupku<\/li><li>izradu svih vrsta ugovora u privredi<\/li><\/ul><p>Aktivno smo uklju\u010deni u osmi\u0161ljavanju strategija kao i sprovo\u0111enju transakcija iz ugovora u privredi.<\/p>","_et_gb_content_width":"","footnotes":""},"class_list":["post-363","page","type-page","status-publish","hentry"],"yoast_head":"<!-- This site is optimized with the Yoast SEO plugin v27.2 - https:\/\/yoast.com\/product\/yoast-seo-wordpress\/ -->\n<title>Commercial Law | Law Office Obradovi\u0107 &amp; Vulovi\u0107<\/title>\n<meta name=\"description\" content=\"We are helping foreign and domestic clients to successfully do business in Serbia - from registering companies to trading of shares.\" \/>\n<meta name=\"robots\" content=\"index, follow, max-snippet:-1, max-image-preview:large, max-video-preview:-1\" \/>\n<link rel=\"canonical\" href=\"https:\/\/pro-legal-team.rs\/en\/legal-services\/commercial-law\/\" \/>\n<meta property=\"og:locale\" content=\"en_US\" \/>\n<meta property=\"og:type\" content=\"article\" \/>\n<meta property=\"og:title\" content=\"Commercial Law | Law Office Obradovi\u0107 &amp; Vulovi\u0107\" \/>\n<meta property=\"og:description\" content=\"We are helping foreign and domestic clients to successfully do business in Serbia - from registering companies to trading of shares.\" \/>\n<meta property=\"og:url\" content=\"https:\/\/pro-legal-team.rs\/en\/legal-services\/commercial-law\/\" \/>\n<meta property=\"og:site_name\" content=\"Advokatska kancelarija OV\" \/>\n<meta property=\"article:publisher\" content=\"https:\/\/www.facebook.com\/prolegalteam\" \/>\n<meta property=\"article:modified_time\" content=\"2016-09-17T09:33:21+00:00\" \/>\n<meta name=\"twitter:label1\" content=\"Est. reading time\" \/>\n\t<meta name=\"twitter:data1\" content=\"1 minute\" \/>\n<script type=\"application\/ld+json\" class=\"yoast-schema-graph\">{\"@context\":\"https:\/\/schema.org\",\"@graph\":[{\"@type\":\"WebPage\",\"@id\":\"https:\/\/pro-legal-team.rs\/en\/legal-services\/commercial-law\/\",\"url\":\"https:\/\/pro-legal-team.rs\/en\/legal-services\/commercial-law\/\",\"name\":\"Commercial Law | Law Office Obradovi\u0107 & Vulovi\u0107\",\"isPartOf\":{\"@id\":\"https:\/\/pro-legal-team.rs\/#website\"},\"datePublished\":\"2014-10-14T14:38:53+00:00\",\"dateModified\":\"2016-09-17T09:33:21+00:00\",\"description\":\"We are helping foreign and domestic clients to successfully do business in Serbia - from registering companies to trading of shares.\",\"breadcrumb\":{\"@id\":\"https:\/\/pro-legal-team.rs\/en\/legal-services\/commercial-law\/#breadcrumb\"},\"inLanguage\":\"en-US\",\"potentialAction\":[{\"@type\":\"ReadAction\",\"target\":[\"https:\/\/pro-legal-team.rs\/en\/legal-services\/commercial-law\/\"]}]},{\"@type\":\"BreadcrumbList\",\"@id\":\"https:\/\/pro-legal-team.rs\/en\/legal-services\/commercial-law\/#breadcrumb\",\"itemListElement\":[{\"@type\":\"ListItem\",\"position\":1,\"name\":\"Po\u010detna\",\"item\":\"https:\/\/pro-legal-team.rs\/en\/\"},{\"@type\":\"ListItem\",\"position\":2,\"name\":\"Legal Services\",\"item\":\"https:\/\/pro-legal-team.rs\/en\/legal-services\/\"},{\"@type\":\"ListItem\",\"position\":3,\"name\":\"Commercial Law\"}]},{\"@type\":\"WebSite\",\"@id\":\"https:\/\/pro-legal-team.rs\/#website\",\"url\":\"https:\/\/pro-legal-team.rs\/\",\"name\":\"Advokatska kancelarija OV\",\"description\":\"\",\"publisher\":{\"@id\":\"https:\/\/pro-legal-team.rs\/#organization\"},\"alternateName\":\"Advokatska kancelarija Obradovi\u0107 Vulovi\u0107\",\"potentialAction\":[{\"@type\":\"SearchAction\",\"target\":{\"@type\":\"EntryPoint\",\"urlTemplate\":\"https:\/\/pro-legal-team.rs\/?s={search_term_string}\"},\"query-input\":{\"@type\":\"PropertyValueSpecification\",\"valueRequired\":true,\"valueName\":\"search_term_string\"}}],\"inLanguage\":\"en-US\"},{\"@type\":\"Organization\",\"@id\":\"https:\/\/pro-legal-team.rs\/#organization\",\"name\":\"Advokatska kancelarija Obradovi\u0107 Vulovi\u0107\",\"alternateName\":\"Advokatska kancelarija OV\",\"url\":\"https:\/\/pro-legal-team.rs\/\",\"logo\":{\"@type\":\"ImageObject\",\"inLanguage\":\"en-US\",\"@id\":\"https:\/\/pro-legal-team.rs\/#\/schema\/logo\/image\/\",\"url\":\"https:\/\/pro-legal-team.rs\/wp-content\/uploads\/2022\/06\/AOV-Advokatska_kancelarija_Obradovic_Vulovic.jpg\",\"contentUrl\":\"https:\/\/pro-legal-team.rs\/wp-content\/uploads\/2022\/06\/AOV-Advokatska_kancelarija_Obradovic_Vulovic.jpg\",\"width\":1920,\"height\":1280,\"caption\":\"Advokatska kancelarija Obradovi\u0107 Vulovi\u0107\"},\"image\":{\"@id\":\"https:\/\/pro-legal-team.rs\/#\/schema\/logo\/image\/\"},\"sameAs\":[\"https:\/\/www.facebook.com\/prolegalteam\"]}]}<\/script>\n<!-- \/ Yoast SEO plugin. -->","yoast_head_json":{"title":"Commercial Law | Law Office Obradovi\u0107 & Vulovi\u0107","description":"We are helping foreign and domestic clients to successfully do business in Serbia - from registering companies to trading of shares.","robots":{"index":"index","follow":"follow","max-snippet":"max-snippet:-1","max-image-preview":"max-image-preview:large","max-video-preview":"max-video-preview:-1"},"canonical":"https:\/\/pro-legal-team.rs\/en\/legal-services\/commercial-law\/","og_locale":"en_US","og_type":"article","og_title":"Commercial Law | Law Office Obradovi\u0107 & Vulovi\u0107","og_description":"We are helping foreign and domestic clients to successfully do business in Serbia - from registering companies to trading of shares.","og_url":"https:\/\/pro-legal-team.rs\/en\/legal-services\/commercial-law\/","og_site_name":"Advokatska kancelarija OV","article_publisher":"https:\/\/www.facebook.com\/prolegalteam","article_modified_time":"2016-09-17T09:33:21+00:00","twitter_misc":{"Est. reading time":"1 minute"},"schema":{"@context":"https:\/\/schema.org","@graph":[{"@type":"WebPage","@id":"https:\/\/pro-legal-team.rs\/en\/legal-services\/commercial-law\/","url":"https:\/\/pro-legal-team.rs\/en\/legal-services\/commercial-law\/","name":"Commercial Law | Law Office Obradovi\u0107 & Vulovi\u0107","isPartOf":{"@id":"https:\/\/pro-legal-team.rs\/#website"},"datePublished":"2014-10-14T14:38:53+00:00","dateModified":"2016-09-17T09:33:21+00:00","description":"We are helping foreign and domestic clients to successfully do business in Serbia - from registering companies to trading of shares.","breadcrumb":{"@id":"https:\/\/pro-legal-team.rs\/en\/legal-services\/commercial-law\/#breadcrumb"},"inLanguage":"en-US","potentialAction":[{"@type":"ReadAction","target":["https:\/\/pro-legal-team.rs\/en\/legal-services\/commercial-law\/"]}]},{"@type":"BreadcrumbList","@id":"https:\/\/pro-legal-team.rs\/en\/legal-services\/commercial-law\/#breadcrumb","itemListElement":[{"@type":"ListItem","position":1,"name":"Po\u010detna","item":"https:\/\/pro-legal-team.rs\/en\/"},{"@type":"ListItem","position":2,"name":"Legal Services","item":"https:\/\/pro-legal-team.rs\/en\/legal-services\/"},{"@type":"ListItem","position":3,"name":"Commercial Law"}]},{"@type":"WebSite","@id":"https:\/\/pro-legal-team.rs\/#website","url":"https:\/\/pro-legal-team.rs\/","name":"Advokatska kancelarija OV","description":"","publisher":{"@id":"https:\/\/pro-legal-team.rs\/#organization"},"alternateName":"Advokatska kancelarija Obradovi\u0107 Vulovi\u0107","potentialAction":[{"@type":"SearchAction","target":{"@type":"EntryPoint","urlTemplate":"https:\/\/pro-legal-team.rs\/?s={search_term_string}"},"query-input":{"@type":"PropertyValueSpecification","valueRequired":true,"valueName":"search_term_string"}}],"inLanguage":"en-US"},{"@type":"Organization","@id":"https:\/\/pro-legal-team.rs\/#organization","name":"Advokatska kancelarija Obradovi\u0107 Vulovi\u0107","alternateName":"Advokatska kancelarija OV","url":"https:\/\/pro-legal-team.rs\/","logo":{"@type":"ImageObject","inLanguage":"en-US","@id":"https:\/\/pro-legal-team.rs\/#\/schema\/logo\/image\/","url":"https:\/\/pro-legal-team.rs\/wp-content\/uploads\/2022\/06\/AOV-Advokatska_kancelarija_Obradovic_Vulovic.jpg","contentUrl":"https:\/\/pro-legal-team.rs\/wp-content\/uploads\/2022\/06\/AOV-Advokatska_kancelarija_Obradovic_Vulovic.jpg","width":1920,"height":1280,"caption":"Advokatska kancelarija Obradovi\u0107 Vulovi\u0107"},"image":{"@id":"https:\/\/pro-legal-team.rs\/#\/schema\/logo\/image\/"},"sameAs":["https:\/\/www.facebook.com\/prolegalteam"]}]}},"_links":{"self":[{"href":"https:\/\/pro-legal-team.rs\/en\/wp-json\/wp\/v2\/pages\/363","targetHints":{"allow":["GET"]}}],"collection":[{"href":"https:\/\/pro-legal-team.rs\/en\/wp-json\/wp\/v2\/pages"}],"about":[{"href":"https:\/\/pro-legal-team.rs\/en\/wp-json\/wp\/v2\/types\/page"}],"author":[{"embeddable":true,"href":"https:\/\/pro-legal-team.rs\/en\/wp-json\/wp\/v2\/users\/1"}],"replies":[{"embeddable":true,"href":"https:\/\/pro-legal-team.rs\/en\/wp-json\/wp\/v2\/comments?post=363"}],"version-history":[{"count":3,"href":"https:\/\/pro-legal-team.rs\/en\/wp-json\/wp\/v2\/pages\/363\/revisions"}],"predecessor-version":[{"id":380,"href":"https:\/\/pro-legal-team.rs\/en\/wp-json\/wp\/v2\/pages\/363\/revisions\/380"}],"up":[{"embeddable":true,"href":"https:\/\/pro-legal-team.rs\/en\/wp-json\/wp\/v2\/pages\/325"}],"wp:attachment":[{"href":"https:\/\/pro-legal-team.rs\/en\/wp-json\/wp\/v2\/media?parent=363"}],"curies":[{"name":"wp","href":"https:\/\/api.w.org\/{rel}","templated":true}]}}