{"id":356,"date":"2014-10-14T16:26:13","date_gmt":"2014-10-14T14:26:13","guid":{"rendered":"http:\/\/pro-legal-team.rs\/?page_id=356"},"modified":"2016-09-17T11:38:52","modified_gmt":"2016-09-17T09:38:52","slug":"indemnification-insurance","status":"publish","type":"page","link":"https:\/\/pro-legal-team.rs\/en\/legal-services\/indemnification-insurance\/","title":{"rendered":"Indemnification and insurance"},"content":{"rendered":"<p>[et_pb_section fullwidth=&#8221;on&#8221; specialty=&#8221;off&#8221; transparent_background=&#8221;off&#8221; background_color=&#8221;#4887bf&#8221; inner_shadow=&#8221;on&#8221; parallax=&#8221;off&#8221; parallax_method=&#8221;off&#8221;][et_pb_fullwidth_header admin_label=&#8221;Fullwidth Header&#8221; title=&#8221;Indemnification and insurance &#8221; background_layout=&#8221;dark&#8221; text_orientation=&#8221;left&#8221; \/][\/et_pb_section][et_pb_section fullwidth=&#8221;off&#8221; specialty=&#8221;on&#8221;][et_pb_column type=&#8221;2_3&#8243; specialty_columns=&#8221;2&#8243;][et_pb_row_inner][et_pb_column_inner type=&#8221;4_4&#8243;][et_pb_text admin_label=&#8221;Text&#8221; background_layout=&#8221;light&#8221; text_orientation=&#8221;left&#8221;]<\/p>\n<p>In relation to insurance we help clients to prepare the necessary documents for property and life insurance, we represent clients in disputes relating to insurance, we advise on the drafting of agreements out of court settlement.<\/p>\n<p>The damage can be tangible or intangible.<\/p>\n<p>Compensation for material damage is natural restitution and monetary compensation.<\/p>\n<p>Compensation of non-pecuniary damage is done in the form of monetary compensation, so that the injured person can obtain the funds in order to get some kind of satisfaction. Claim for non-pecuniary damage passes to heirs only if recognized by a final court verdict or written agreement.<\/p>\n<p>We provide representation in proceedings regarding damages as well as representation in the proceedings on damages for infringement of the Law on Public Information.<\/p>\n<p>&nbsp;<\/p>\n<p>[dvk_social_sharing][\/et_pb_text][\/et_pb_column_inner][\/et_pb_row_inner][\/et_pb_column][et_pb_column type=&#8221;1_3&#8243;][et_pb_sidebar admin_label=&#8221;Sidebar&#8221; orientation=&#8221;right&#8221; area=&#8221;et_pb_widget_area_1&#8243; background_layout=&#8221;light&#8221; \/][\/et_pb_column][\/et_pb_section]<\/p>\n","protected":false},"excerpt":{"rendered":"<p>In relation to insurance we help clients to prepare the necessary documents for property and life insurance, we represent clients in disputes relating to insurance, we advise on the drafting of agreements out of court settlement. The damage can be tangible or intangible. Compensation for material damage is natural restitution and monetary compensation. Compensation of [&hellip;]<\/p>\n","protected":false},"author":1,"featured_media":0,"parent":325,"menu_order":0,"comment_status":"open","ping_status":"open","template":"","meta":{"_et_pb_use_builder":"on","_et_pb_old_content":"<p>\u0160teta mo\u017ee biti <strong>materijalna<\/strong> i <strong>nematerijalna<\/strong>.<\/p><p><strong>Nadoknada materijalne \u0161tete<\/strong> je naturalna restitucija i nov\u010dana nadoknada.<\/p><p><strong>Nadoknada nematerijalne \u0161tete<\/strong> se vr\u0161i u obliku nov\u010dane nadoknade, na taj na\u010din \u0161to se o\u0161te\u0107enom licu omogu\u0107ava da za dobijena nov\u010dana sredstva sebi pribavi neko zadovoljenje. Potra\u017eivanje naknade nematerijalne \u0161tete prelazi na naslednike samo ako je priznato pravosna\u017enom sudskom odlukom ili pismenim sporazumom.<\/p><p>Pru\u017eamo uslugu zastupanja u postupku povodom naknade \u0161tete kao i zastupanja u postupku povodom naknade \u0161tete zbog povrede prava po Zakonu o javnom informisanju.<\/p><p>U vezi sa <strong>osiguranjem<\/strong> klijente upu\u0107ujemo u pripremanje neophodne dokumentacije za osiguranje imovine i lica, zastupamo u sporovima povodom osiguranja, savetujemo u izradi nacrta sporazuma o vansudskom poravnanju.<\/p>","_et_gb_content_width":"","footnotes":""},"class_list":["post-356","page","type-page","status-publish","hentry"],"yoast_head":"<!-- This site is optimized with the Yoast SEO plugin v27.2 - https:\/\/yoast.com\/product\/yoast-seo-wordpress\/ -->\n<title>Indemnification and insurance | Law Office Obradovi\u0107 &amp; Vulovi\u0107<\/title>\n<meta name=\"description\" content=\"We help our clients to prepare the necessary documents for property and life insurance, represent them in disputes and advise in various matters.\" \/>\n<meta name=\"robots\" content=\"index, follow, max-snippet:-1, max-image-preview:large, max-video-preview:-1\" \/>\n<link rel=\"canonical\" href=\"https:\/\/pro-legal-team.rs\/en\/legal-services\/indemnification-insurance\/\" \/>\n<meta property=\"og:locale\" content=\"en_US\" \/>\n<meta property=\"og:type\" content=\"article\" \/>\n<meta property=\"og:title\" content=\"Indemnification and insurance | Law Office Obradovi\u0107 &amp; Vulovi\u0107\" \/>\n<meta property=\"og:description\" content=\"We help our clients to prepare the necessary documents for property and life insurance, represent them in disputes and advise in various matters.\" \/>\n<meta property=\"og:url\" content=\"https:\/\/pro-legal-team.rs\/en\/legal-services\/indemnification-insurance\/\" \/>\n<meta property=\"og:site_name\" content=\"Advokatska kancelarija OV\" \/>\n<meta property=\"article:publisher\" content=\"https:\/\/www.facebook.com\/prolegalteam\" \/>\n<meta property=\"article:modified_time\" content=\"2016-09-17T09:38:52+00:00\" \/>\n<meta name=\"twitter:label1\" content=\"Est. reading time\" \/>\n\t<meta name=\"twitter:data1\" content=\"1 minute\" \/>\n<script type=\"application\/ld+json\" class=\"yoast-schema-graph\">{\"@context\":\"https:\/\/schema.org\",\"@graph\":[{\"@type\":\"WebPage\",\"@id\":\"https:\/\/pro-legal-team.rs\/en\/legal-services\/indemnification-insurance\/\",\"url\":\"https:\/\/pro-legal-team.rs\/en\/legal-services\/indemnification-insurance\/\",\"name\":\"Indemnification and insurance | Law Office Obradovi\u0107 & Vulovi\u0107\",\"isPartOf\":{\"@id\":\"https:\/\/pro-legal-team.rs\/#website\"},\"datePublished\":\"2014-10-14T14:26:13+00:00\",\"dateModified\":\"2016-09-17T09:38:52+00:00\",\"description\":\"We help our clients to prepare the necessary documents for property and life insurance, represent them in disputes and advise in various matters.\",\"breadcrumb\":{\"@id\":\"https:\/\/pro-legal-team.rs\/en\/legal-services\/indemnification-insurance\/#breadcrumb\"},\"inLanguage\":\"en-US\",\"potentialAction\":[{\"@type\":\"ReadAction\",\"target\":[\"https:\/\/pro-legal-team.rs\/en\/legal-services\/indemnification-insurance\/\"]}]},{\"@type\":\"BreadcrumbList\",\"@id\":\"https:\/\/pro-legal-team.rs\/en\/legal-services\/indemnification-insurance\/#breadcrumb\",\"itemListElement\":[{\"@type\":\"ListItem\",\"position\":1,\"name\":\"Po\u010detna\",\"item\":\"https:\/\/pro-legal-team.rs\/en\/\"},{\"@type\":\"ListItem\",\"position\":2,\"name\":\"Legal Services\",\"item\":\"https:\/\/pro-legal-team.rs\/en\/legal-services\/\"},{\"@type\":\"ListItem\",\"position\":3,\"name\":\"Indemnification and insurance\"}]},{\"@type\":\"WebSite\",\"@id\":\"https:\/\/pro-legal-team.rs\/#website\",\"url\":\"https:\/\/pro-legal-team.rs\/\",\"name\":\"Advokatska kancelarija OV\",\"description\":\"\",\"publisher\":{\"@id\":\"https:\/\/pro-legal-team.rs\/#organization\"},\"alternateName\":\"Advokatska kancelarija Obradovi\u0107 Vulovi\u0107\",\"potentialAction\":[{\"@type\":\"SearchAction\",\"target\":{\"@type\":\"EntryPoint\",\"urlTemplate\":\"https:\/\/pro-legal-team.rs\/?s={search_term_string}\"},\"query-input\":{\"@type\":\"PropertyValueSpecification\",\"valueRequired\":true,\"valueName\":\"search_term_string\"}}],\"inLanguage\":\"en-US\"},{\"@type\":\"Organization\",\"@id\":\"https:\/\/pro-legal-team.rs\/#organization\",\"name\":\"Advokatska kancelarija Obradovi\u0107 Vulovi\u0107\",\"alternateName\":\"Advokatska kancelarija OV\",\"url\":\"https:\/\/pro-legal-team.rs\/\",\"logo\":{\"@type\":\"ImageObject\",\"inLanguage\":\"en-US\",\"@id\":\"https:\/\/pro-legal-team.rs\/#\/schema\/logo\/image\/\",\"url\":\"https:\/\/pro-legal-team.rs\/wp-content\/uploads\/2022\/06\/AOV-Advokatska_kancelarija_Obradovic_Vulovic.jpg\",\"contentUrl\":\"https:\/\/pro-legal-team.rs\/wp-content\/uploads\/2022\/06\/AOV-Advokatska_kancelarija_Obradovic_Vulovic.jpg\",\"width\":1920,\"height\":1280,\"caption\":\"Advokatska kancelarija Obradovi\u0107 Vulovi\u0107\"},\"image\":{\"@id\":\"https:\/\/pro-legal-team.rs\/#\/schema\/logo\/image\/\"},\"sameAs\":[\"https:\/\/www.facebook.com\/prolegalteam\"]}]}<\/script>\n<!-- \/ Yoast SEO plugin. -->","yoast_head_json":{"title":"Indemnification and insurance | Law Office Obradovi\u0107 & Vulovi\u0107","description":"We help our clients to prepare the necessary documents for property and life insurance, represent them in disputes and advise in various matters.","robots":{"index":"index","follow":"follow","max-snippet":"max-snippet:-1","max-image-preview":"max-image-preview:large","max-video-preview":"max-video-preview:-1"},"canonical":"https:\/\/pro-legal-team.rs\/en\/legal-services\/indemnification-insurance\/","og_locale":"en_US","og_type":"article","og_title":"Indemnification and insurance | Law Office Obradovi\u0107 & Vulovi\u0107","og_description":"We help our clients to prepare the necessary documents for property and life insurance, represent them in disputes and advise in various matters.","og_url":"https:\/\/pro-legal-team.rs\/en\/legal-services\/indemnification-insurance\/","og_site_name":"Advokatska kancelarija OV","article_publisher":"https:\/\/www.facebook.com\/prolegalteam","article_modified_time":"2016-09-17T09:38:52+00:00","twitter_misc":{"Est. reading time":"1 minute"},"schema":{"@context":"https:\/\/schema.org","@graph":[{"@type":"WebPage","@id":"https:\/\/pro-legal-team.rs\/en\/legal-services\/indemnification-insurance\/","url":"https:\/\/pro-legal-team.rs\/en\/legal-services\/indemnification-insurance\/","name":"Indemnification and insurance | Law Office Obradovi\u0107 & Vulovi\u0107","isPartOf":{"@id":"https:\/\/pro-legal-team.rs\/#website"},"datePublished":"2014-10-14T14:26:13+00:00","dateModified":"2016-09-17T09:38:52+00:00","description":"We help our clients to prepare the necessary documents for property and life insurance, represent them in disputes and advise in various matters.","breadcrumb":{"@id":"https:\/\/pro-legal-team.rs\/en\/legal-services\/indemnification-insurance\/#breadcrumb"},"inLanguage":"en-US","potentialAction":[{"@type":"ReadAction","target":["https:\/\/pro-legal-team.rs\/en\/legal-services\/indemnification-insurance\/"]}]},{"@type":"BreadcrumbList","@id":"https:\/\/pro-legal-team.rs\/en\/legal-services\/indemnification-insurance\/#breadcrumb","itemListElement":[{"@type":"ListItem","position":1,"name":"Po\u010detna","item":"https:\/\/pro-legal-team.rs\/en\/"},{"@type":"ListItem","position":2,"name":"Legal Services","item":"https:\/\/pro-legal-team.rs\/en\/legal-services\/"},{"@type":"ListItem","position":3,"name":"Indemnification and insurance"}]},{"@type":"WebSite","@id":"https:\/\/pro-legal-team.rs\/#website","url":"https:\/\/pro-legal-team.rs\/","name":"Advokatska kancelarija OV","description":"","publisher":{"@id":"https:\/\/pro-legal-team.rs\/#organization"},"alternateName":"Advokatska kancelarija Obradovi\u0107 Vulovi\u0107","potentialAction":[{"@type":"SearchAction","target":{"@type":"EntryPoint","urlTemplate":"https:\/\/pro-legal-team.rs\/?s={search_term_string}"},"query-input":{"@type":"PropertyValueSpecification","valueRequired":true,"valueName":"search_term_string"}}],"inLanguage":"en-US"},{"@type":"Organization","@id":"https:\/\/pro-legal-team.rs\/#organization","name":"Advokatska kancelarija Obradovi\u0107 Vulovi\u0107","alternateName":"Advokatska kancelarija OV","url":"https:\/\/pro-legal-team.rs\/","logo":{"@type":"ImageObject","inLanguage":"en-US","@id":"https:\/\/pro-legal-team.rs\/#\/schema\/logo\/image\/","url":"https:\/\/pro-legal-team.rs\/wp-content\/uploads\/2022\/06\/AOV-Advokatska_kancelarija_Obradovic_Vulovic.jpg","contentUrl":"https:\/\/pro-legal-team.rs\/wp-content\/uploads\/2022\/06\/AOV-Advokatska_kancelarija_Obradovic_Vulovic.jpg","width":1920,"height":1280,"caption":"Advokatska kancelarija Obradovi\u0107 Vulovi\u0107"},"image":{"@id":"https:\/\/pro-legal-team.rs\/#\/schema\/logo\/image\/"},"sameAs":["https:\/\/www.facebook.com\/prolegalteam"]}]}},"_links":{"self":[{"href":"https:\/\/pro-legal-team.rs\/en\/wp-json\/wp\/v2\/pages\/356","targetHints":{"allow":["GET"]}}],"collection":[{"href":"https:\/\/pro-legal-team.rs\/en\/wp-json\/wp\/v2\/pages"}],"about":[{"href":"https:\/\/pro-legal-team.rs\/en\/wp-json\/wp\/v2\/types\/page"}],"author":[{"embeddable":true,"href":"https:\/\/pro-legal-team.rs\/en\/wp-json\/wp\/v2\/users\/1"}],"replies":[{"embeddable":true,"href":"https:\/\/pro-legal-team.rs\/en\/wp-json\/wp\/v2\/comments?post=356"}],"version-history":[{"count":2,"href":"https:\/\/pro-legal-team.rs\/en\/wp-json\/wp\/v2\/pages\/356\/revisions"}],"predecessor-version":[{"id":385,"href":"https:\/\/pro-legal-team.rs\/en\/wp-json\/wp\/v2\/pages\/356\/revisions\/385"}],"up":[{"embeddable":true,"href":"https:\/\/pro-legal-team.rs\/en\/wp-json\/wp\/v2\/pages\/325"}],"wp:attachment":[{"href":"https:\/\/pro-legal-team.rs\/en\/wp-json\/wp\/v2\/media?parent=356"}],"curies":[{"name":"wp","href":"https:\/\/api.w.org\/{rel}","templated":true}]}}