{"id":350,"date":"2014-10-14T16:05:12","date_gmt":"2014-10-14T14:05:12","guid":{"rendered":"http:\/\/pro-legal-team.rs\/?page_id=350"},"modified":"2016-09-17T11:34:51","modified_gmt":"2016-09-17T09:34:51","slug":"energy-law","status":"publish","type":"page","link":"https:\/\/pro-legal-team.rs\/en\/legal-services\/energy-law\/","title":{"rendered":"Energy Law"},"content":{"rendered":"<p>[et_pb_section fullwidth=&#8221;on&#8221; specialty=&#8221;off&#8221; transparent_background=&#8221;off&#8221; background_color=&#8221;#1e73be&#8221; inner_shadow=&#8221;on&#8221; parallax=&#8221;off&#8221; parallax_method=&#8221;off&#8221;][et_pb_fullwidth_header admin_label=&#8221;Fullwidth Header&#8221; title=&#8221;Energy Law&#8221; background_layout=&#8221;dark&#8221; text_orientation=&#8221;left&#8221; \/][\/et_pb_section][et_pb_section fullwidth=&#8221;off&#8221; specialty=&#8221;on&#8221;][et_pb_column type=&#8221;2_3&#8243; specialty_columns=&#8221;2&#8243;][et_pb_row_inner][et_pb_column_inner type=&#8221;4_4&#8243;][et_pb_text admin_label=&#8221;Text&#8221; background_layout=&#8221;light&#8221; text_orientation=&#8221;left&#8221;]<\/p>\n<p>Following modern trends in providing legal services it became necessary to our team through collaboration with clients and business associates to enter in this field.<\/p>\n<p>Sustainable development and renewable energy has yet to become part of the commercial exploitation in the Republic of Serbia, which will certainly require legal support.<\/p>\n<p>&nbsp;<\/p>\n<p>[dvk_social_sharing][\/et_pb_text][\/et_pb_column_inner][\/et_pb_row_inner][\/et_pb_column][et_pb_column type=&#8221;1_3&#8243;][et_pb_sidebar admin_label=&#8221;Sidebar&#8221; orientation=&#8221;right&#8221; area=&#8221;et_pb_widget_area_1&#8243; background_layout=&#8221;light&#8221; \/][\/et_pb_column][\/et_pb_section]<\/p>\n","protected":false},"excerpt":{"rendered":"<p>Following modern trends in providing legal services it became necessary to our team through collaboration with clients and business associates to enter in this field. Sustainable development and renewable energy has yet to become part of the commercial exploitation in the Republic of Serbia, which will certainly require legal support. &nbsp; [dvk_social_sharing]<\/p>\n","protected":false},"author":1,"featured_media":0,"parent":325,"menu_order":0,"comment_status":"open","ping_status":"open","template":"","meta":{"_et_pb_use_builder":"on","_et_pb_old_content":"<p>Prate\u0107i moderne tendencije u pru\u017eanju advokatskih usluga nametnula se potreba da na\u0161 tim kroz saradnju sa klijentima i poslovnim saradnicima udje i u ovu oblast.<\/p><p>Odr\u017eivi razvoj i obnovljivi izvori energije tek treba da postanu deo komercijalnog eksploatisanja u Republici Srbiji, \u0161to \u0107e svakako zahtevati i pravnu podr\u0161ku.<\/p>","_et_gb_content_width":"","footnotes":""},"class_list":["post-350","page","type-page","status-publish","hentry"],"yoast_head":"<!-- This site is optimized with the Yoast SEO plugin v27.2 - https:\/\/yoast.com\/product\/yoast-seo-wordpress\/ -->\n<title>Energy Law | Law Office Obradovi\u0107 &amp; Vulovi\u0107<\/title>\n<meta name=\"description\" content=\"Following modern trends in providing legal services it became necessary to our team to enter in this field.\" \/>\n<meta name=\"robots\" content=\"index, follow, max-snippet:-1, max-image-preview:large, max-video-preview:-1\" \/>\n<link rel=\"canonical\" href=\"https:\/\/pro-legal-team.rs\/en\/legal-services\/energy-law\/\" \/>\n<meta property=\"og:locale\" content=\"en_US\" \/>\n<meta property=\"og:type\" content=\"article\" \/>\n<meta property=\"og:title\" content=\"Energy Law | Law Office Obradovi\u0107 &amp; Vulovi\u0107\" \/>\n<meta property=\"og:description\" content=\"Following modern trends in providing legal services it became necessary to our team to enter in this field.\" \/>\n<meta property=\"og:url\" content=\"https:\/\/pro-legal-team.rs\/en\/legal-services\/energy-law\/\" \/>\n<meta property=\"og:site_name\" content=\"Advokatska kancelarija OV\" \/>\n<meta property=\"article:publisher\" content=\"https:\/\/www.facebook.com\/prolegalteam\" \/>\n<meta property=\"article:modified_time\" content=\"2016-09-17T09:34:51+00:00\" \/>\n<meta name=\"twitter:label1\" content=\"Est. reading time\" \/>\n\t<meta name=\"twitter:data1\" content=\"1 minute\" \/>\n<script type=\"application\/ld+json\" class=\"yoast-schema-graph\">{\"@context\":\"https:\/\/schema.org\",\"@graph\":[{\"@type\":\"WebPage\",\"@id\":\"https:\/\/pro-legal-team.rs\/en\/legal-services\/energy-law\/\",\"url\":\"https:\/\/pro-legal-team.rs\/en\/legal-services\/energy-law\/\",\"name\":\"Energy Law | Law Office Obradovi\u0107 & Vulovi\u0107\",\"isPartOf\":{\"@id\":\"https:\/\/pro-legal-team.rs\/#website\"},\"datePublished\":\"2014-10-14T14:05:12+00:00\",\"dateModified\":\"2016-09-17T09:34:51+00:00\",\"description\":\"Following modern trends in providing legal services it became necessary to our team to enter in this field.\",\"breadcrumb\":{\"@id\":\"https:\/\/pro-legal-team.rs\/en\/legal-services\/energy-law\/#breadcrumb\"},\"inLanguage\":\"en-US\",\"potentialAction\":[{\"@type\":\"ReadAction\",\"target\":[\"https:\/\/pro-legal-team.rs\/en\/legal-services\/energy-law\/\"]}]},{\"@type\":\"BreadcrumbList\",\"@id\":\"https:\/\/pro-legal-team.rs\/en\/legal-services\/energy-law\/#breadcrumb\",\"itemListElement\":[{\"@type\":\"ListItem\",\"position\":1,\"name\":\"Po\u010detna\",\"item\":\"https:\/\/pro-legal-team.rs\/en\/\"},{\"@type\":\"ListItem\",\"position\":2,\"name\":\"Legal Services\",\"item\":\"https:\/\/pro-legal-team.rs\/en\/legal-services\/\"},{\"@type\":\"ListItem\",\"position\":3,\"name\":\"Energy Law\"}]},{\"@type\":\"WebSite\",\"@id\":\"https:\/\/pro-legal-team.rs\/#website\",\"url\":\"https:\/\/pro-legal-team.rs\/\",\"name\":\"Advokatska kancelarija OV\",\"description\":\"\",\"publisher\":{\"@id\":\"https:\/\/pro-legal-team.rs\/#organization\"},\"alternateName\":\"Advokatska kancelarija Obradovi\u0107 Vulovi\u0107\",\"potentialAction\":[{\"@type\":\"SearchAction\",\"target\":{\"@type\":\"EntryPoint\",\"urlTemplate\":\"https:\/\/pro-legal-team.rs\/?s={search_term_string}\"},\"query-input\":{\"@type\":\"PropertyValueSpecification\",\"valueRequired\":true,\"valueName\":\"search_term_string\"}}],\"inLanguage\":\"en-US\"},{\"@type\":\"Organization\",\"@id\":\"https:\/\/pro-legal-team.rs\/#organization\",\"name\":\"Advokatska kancelarija Obradovi\u0107 Vulovi\u0107\",\"alternateName\":\"Advokatska kancelarija OV\",\"url\":\"https:\/\/pro-legal-team.rs\/\",\"logo\":{\"@type\":\"ImageObject\",\"inLanguage\":\"en-US\",\"@id\":\"https:\/\/pro-legal-team.rs\/#\/schema\/logo\/image\/\",\"url\":\"https:\/\/pro-legal-team.rs\/wp-content\/uploads\/2022\/06\/AOV-Advokatska_kancelarija_Obradovic_Vulovic.jpg\",\"contentUrl\":\"https:\/\/pro-legal-team.rs\/wp-content\/uploads\/2022\/06\/AOV-Advokatska_kancelarija_Obradovic_Vulovic.jpg\",\"width\":1920,\"height\":1280,\"caption\":\"Advokatska kancelarija Obradovi\u0107 Vulovi\u0107\"},\"image\":{\"@id\":\"https:\/\/pro-legal-team.rs\/#\/schema\/logo\/image\/\"},\"sameAs\":[\"https:\/\/www.facebook.com\/prolegalteam\"]}]}<\/script>\n<!-- \/ Yoast SEO plugin. -->","yoast_head_json":{"title":"Energy Law | Law Office Obradovi\u0107 & Vulovi\u0107","description":"Following modern trends in providing legal services it became necessary to our team to enter in this field.","robots":{"index":"index","follow":"follow","max-snippet":"max-snippet:-1","max-image-preview":"max-image-preview:large","max-video-preview":"max-video-preview:-1"},"canonical":"https:\/\/pro-legal-team.rs\/en\/legal-services\/energy-law\/","og_locale":"en_US","og_type":"article","og_title":"Energy Law | Law Office Obradovi\u0107 & Vulovi\u0107","og_description":"Following modern trends in providing legal services it became necessary to our team to enter in this field.","og_url":"https:\/\/pro-legal-team.rs\/en\/legal-services\/energy-law\/","og_site_name":"Advokatska kancelarija OV","article_publisher":"https:\/\/www.facebook.com\/prolegalteam","article_modified_time":"2016-09-17T09:34:51+00:00","twitter_misc":{"Est. reading time":"1 minute"},"schema":{"@context":"https:\/\/schema.org","@graph":[{"@type":"WebPage","@id":"https:\/\/pro-legal-team.rs\/en\/legal-services\/energy-law\/","url":"https:\/\/pro-legal-team.rs\/en\/legal-services\/energy-law\/","name":"Energy Law | Law Office Obradovi\u0107 & Vulovi\u0107","isPartOf":{"@id":"https:\/\/pro-legal-team.rs\/#website"},"datePublished":"2014-10-14T14:05:12+00:00","dateModified":"2016-09-17T09:34:51+00:00","description":"Following modern trends in providing legal services it became necessary to our team to enter in this field.","breadcrumb":{"@id":"https:\/\/pro-legal-team.rs\/en\/legal-services\/energy-law\/#breadcrumb"},"inLanguage":"en-US","potentialAction":[{"@type":"ReadAction","target":["https:\/\/pro-legal-team.rs\/en\/legal-services\/energy-law\/"]}]},{"@type":"BreadcrumbList","@id":"https:\/\/pro-legal-team.rs\/en\/legal-services\/energy-law\/#breadcrumb","itemListElement":[{"@type":"ListItem","position":1,"name":"Po\u010detna","item":"https:\/\/pro-legal-team.rs\/en\/"},{"@type":"ListItem","position":2,"name":"Legal Services","item":"https:\/\/pro-legal-team.rs\/en\/legal-services\/"},{"@type":"ListItem","position":3,"name":"Energy Law"}]},{"@type":"WebSite","@id":"https:\/\/pro-legal-team.rs\/#website","url":"https:\/\/pro-legal-team.rs\/","name":"Advokatska kancelarija OV","description":"","publisher":{"@id":"https:\/\/pro-legal-team.rs\/#organization"},"alternateName":"Advokatska kancelarija Obradovi\u0107 Vulovi\u0107","potentialAction":[{"@type":"SearchAction","target":{"@type":"EntryPoint","urlTemplate":"https:\/\/pro-legal-team.rs\/?s={search_term_string}"},"query-input":{"@type":"PropertyValueSpecification","valueRequired":true,"valueName":"search_term_string"}}],"inLanguage":"en-US"},{"@type":"Organization","@id":"https:\/\/pro-legal-team.rs\/#organization","name":"Advokatska kancelarija Obradovi\u0107 Vulovi\u0107","alternateName":"Advokatska kancelarija OV","url":"https:\/\/pro-legal-team.rs\/","logo":{"@type":"ImageObject","inLanguage":"en-US","@id":"https:\/\/pro-legal-team.rs\/#\/schema\/logo\/image\/","url":"https:\/\/pro-legal-team.rs\/wp-content\/uploads\/2022\/06\/AOV-Advokatska_kancelarija_Obradovic_Vulovic.jpg","contentUrl":"https:\/\/pro-legal-team.rs\/wp-content\/uploads\/2022\/06\/AOV-Advokatska_kancelarija_Obradovic_Vulovic.jpg","width":1920,"height":1280,"caption":"Advokatska kancelarija Obradovi\u0107 Vulovi\u0107"},"image":{"@id":"https:\/\/pro-legal-team.rs\/#\/schema\/logo\/image\/"},"sameAs":["https:\/\/www.facebook.com\/prolegalteam"]}]}},"_links":{"self":[{"href":"https:\/\/pro-legal-team.rs\/en\/wp-json\/wp\/v2\/pages\/350","targetHints":{"allow":["GET"]}}],"collection":[{"href":"https:\/\/pro-legal-team.rs\/en\/wp-json\/wp\/v2\/pages"}],"about":[{"href":"https:\/\/pro-legal-team.rs\/en\/wp-json\/wp\/v2\/types\/page"}],"author":[{"embeddable":true,"href":"https:\/\/pro-legal-team.rs\/en\/wp-json\/wp\/v2\/users\/1"}],"replies":[{"embeddable":true,"href":"https:\/\/pro-legal-team.rs\/en\/wp-json\/wp\/v2\/comments?post=350"}],"version-history":[{"count":3,"href":"https:\/\/pro-legal-team.rs\/en\/wp-json\/wp\/v2\/pages\/350\/revisions"}],"predecessor-version":[{"id":383,"href":"https:\/\/pro-legal-team.rs\/en\/wp-json\/wp\/v2\/pages\/350\/revisions\/383"}],"up":[{"embeddable":true,"href":"https:\/\/pro-legal-team.rs\/en\/wp-json\/wp\/v2\/pages\/325"}],"wp:attachment":[{"href":"https:\/\/pro-legal-team.rs\/en\/wp-json\/wp\/v2\/media?parent=350"}],"curies":[{"name":"wp","href":"https:\/\/api.w.org\/{rel}","templated":true}]}}