{"id":332,"date":"2014-10-13T15:55:13","date_gmt":"2014-10-13T13:55:13","guid":{"rendered":"http:\/\/pro-legal-team.rs\/?page_id=332"},"modified":"2016-09-17T10:21:40","modified_gmt":"2016-09-17T08:21:40","slug":"about-us","status":"publish","type":"page","link":"https:\/\/pro-legal-team.rs\/en\/about-us\/","title":{"rendered":"About us"},"content":{"rendered":"<p>[et_pb_section admin_label=&#8221;section&#8221; fullwidth=&#8221;on&#8221; specialty=&#8221;off&#8221; transparent_background=&#8221;off&#8221; background_color=&#8221;#0f6dbf&#8221; inner_shadow=&#8221;on&#8221; parallax=&#8221;off&#8221; parallax_method=&#8221;off&#8221;][et_pb_fullwidth_header admin_label=&#8221;Fullwidth Header&#8221; title=&#8221;About us&#8221; subhead=&#8221;Law Office Obradovi\u0107 &amp; Vulovi\u0107&#8221; background_layout=&#8221;dark&#8221; text_orientation=&#8221;left&#8221; header_fullscreen=&#8221;off&#8221; header_scroll_down=&#8221;off&#8221; parallax=&#8221;off&#8221; parallax_method=&#8221;off&#8221; content_orientation=&#8221;center&#8221; image_orientation=&#8221;center&#8221; custom_button_one=&#8221;off&#8221; button_one_letter_spacing=&#8221;0&#8243; button_one_use_icon=&#8221;default&#8221; button_one_icon_placement=&#8221;right&#8221; button_one_on_hover=&#8221;on&#8221; button_one_letter_spacing_hover=&#8221;0&#8243; custom_button_two=&#8221;off&#8221; button_two_letter_spacing=&#8221;0&#8243; button_two_use_icon=&#8221;default&#8221; button_two_icon_placement=&#8221;right&#8221; button_two_on_hover=&#8221;on&#8221; button_two_letter_spacing_hover=&#8221;0&#8243;]<\/p>\n<p>[\/et_pb_fullwidth_header][\/et_pb_section][et_pb_section admin_label=&#8221;section&#8221;][et_pb_row admin_label=&#8221;row&#8221;][et_pb_column type=&#8221;4_4&#8243;][et_pb_text admin_label=&#8221;Text&#8221; background_layout=&#8221;light&#8221; text_orientation=&#8221;left&#8221; use_border_color=&#8221;off&#8221; border_color=&#8221;#ffffff&#8221; border_style=&#8221;solid&#8221;]<\/p>\n<p><strong>Law Office Obradovi\u0107 &amp; Vulovi\u0107<\/strong> is operating in the fields of civil and criminal law, providing its services to companies and natural persons. Office is based on the common &nbsp;principle of providing integral legal services to its clients, &nbsp;and legal team is capable &nbsp;promptly and effectively to respond to the needs of our clients. At this moment, the office provides legal services to dozens of individuals as well as several local and foreign companies. In business we strive for establishing a strong and fruitful relationship with all our customers. Our team monitors daily changes in the market and legislation, with particular emphasis on the individual needs and requirements of our clients.<\/p>\n<p>[\/et_pb_text][\/et_pb_column][\/et_pb_row][et_pb_row admin_label=&#8221;row&#8221;][et_pb_column type=&#8221;4_4&#8243;][et_pb_text admin_label=&#8221;Text&#8221; background_layout=&#8221;light&#8221; text_orientation=&#8221;left&#8221;]<\/p>\n<h3>Conferences and Seminars<\/h3>\n<p>Our legal team is committed to constant and continuous improvement to their skills, and follow modern trends in the legal profession and the reform of the Serbian judiciary. Driven by the desire for personal development and belief that a lawyer is active part of civil society and the economy, we took part in various conferences and seminars that are related to the work of advocacy, and the development of the rule of law and free and transparent economy.<\/p>\n<ul>\n<li>Managing attorney offices in practice<em>, 4\/10\/2014. , The Bar Association of Serbia<\/em><\/li>\n<li>Conference Combating Corruption achievements and challenges,<em> 17 and 18 June 2014, Partners for Democratic Changes and Legal Scanner<\/em><\/li>\n<li>The rule of law and the enforcement of claims, <em>11\/07\/2014., Deutche Zusammenarbeit, GIZ Serbia, Republic of Serbia-Government Office for European Integration<\/em><\/li>\n<\/ul>\n<p>[\/et_pb_text][\/et_pb_column][\/et_pb_row][\/et_pb_section]<\/p>\n","protected":false},"excerpt":{"rendered":"<p>Law Office Obradovi\u0107 &amp; Vulovi\u0107 is operating in the fields of civil and criminal law, providing its services to companies and natural persons. Office is based on the common &nbsp;principle of providing integral legal services to its clients, &nbsp;and legal team is capable &nbsp;promptly and effectively to respond to the needs of our clients. At [&hellip;]<\/p>\n","protected":false},"author":1,"featured_media":0,"parent":0,"menu_order":0,"comment_status":"open","ping_status":"open","template":"","meta":{"_et_pb_use_builder":"on","_et_pb_old_content":"<p><strong><a href=\"http:\/\/pro-legal-team.rs\/wp-content\/uploads\/2014\/05\/advokatski-tim-kancelarije-AOV.jpg\" rel=\"prettyPhoto\"><img class=\"alignleft wp-image-499 size-medium\" src=\"http:\/\/pro-legal-team.rs\/wp-content\/uploads\/2014\/05\/advokatski-tim-kancelarije-AOV-300x199.jpg\" alt=\"advokatski tim kancelarije AOV\" width=\"300\" height=\"199\" \/><\/a>Advokatska kancelarija Andri\u0107, Obradovi\u0107 & Vulovi\u0107<\/strong> posluje od 2013. godine u oblasti gra\u0111anskog i krivi\u010dnog prava, pru\u017eaju\u0107i svoje usluge pravnim i fizi\u010dkim licima. Kancelarija po\u010diva na principu pru\u017eanja integralne pravne usluge svim svojim klijentima, a njen pravni tim je u mogu\u0107nosti da pravovremeno i efikasno odgovori na sve potrebe klijenata.<\/p><p>U ovom trenutku kancelarija pru\u017ea pravne usluge za vi\u0161e desetina fizi\u010dkih lica kao i za nekoliko doma\u0107ih i stranih kompanija. U poslovanju te\u017eimo uspostavljanju \u010dvrste i plodne saradnje sa svim na\u0161im klijentima. Na\u0161 tim svakodnevno prati promene na tr\u017ei\u0161tu i u zakonskoj regulativi, sa naro\u010ditim osvrtom na pojedina\u010dne zahteve i potrebe na\u0161ih klijenata.<\/p><p>\u00a0<\/p><h3>Konferencije i seminari<\/h3><p>Tim na\u0161e advokatske kancelarije\u00a0 je posve\u0107en stalnom i konstantnom unapre\u0111enju kako svog znanja, tako i pra\u0107enju modernih tendencija u advokaturi i reformi srpskog pravosu\u0111a. Vo\u0111eni \u017eeljom za li\u010dnim usavr\u0161avanjem i uverenjem da je advokat aktivni deo civilnog dru\u0161tva i privrede, uzeli smo u\u010de\u0161\u0107e na razli\u010ditim konferencija i seminarima koji su povezani kako sa radom advokature, tako i sa razvojem vladavine prava, te slobodnom i transparentnom privredom.<\/p><ul><li>\u201eZakonik o krivi\u010dnom postupku - 12 meseci primene u redovnim sudovima\u201c -podizanje kapaciteta advokature u Srbiji, <em>29. oktobar 2014, American Bar Association Rule of Law Initiative i Partneri za demokratske promeneSrbija<\/em><\/li><li>Okrugli sto sa temom \"Nacrt Zakona o besplatnoj pravnoj pomo\u0107i - analiza teksta nacrta, razlozi za i protiv\", <em>03.11.2014. godine, Advokatska komora Srbije<\/em><\/li><li>Upravljanje advokatskom kancelarijama u praksi, <em>10.04.2014. , Advokatska komora Srbije<\/em><\/li><li><a title=\"Borba protiv korupcije u Srbiji\" href=\"http:\/\/www.partners-serbia.org\/poziv-konferencija-borba-protiv-korupcije-u-srbiji-17-i-18-jun-beograd\/\" target=\"_blank\">Konferencija Borba protiv korupcije dostignu\u0107a i izazovi<\/a>, <em>17. i 18. jun 2014., Partneri za demokratske promene i Pravni Skener<\/em><\/li><li><a title=\"Vladavina prava i izvr\u0161enje potra\u017eivanja\" href=\"https:\/\/www.youtube.com\/watch?v=g2EpLxUtxgk\" target=\"_blank\">Vladavina prava i izvr\u0161enje potra\u017eivanja<\/a>, <em>11.07.2014.<\/em>, <em>Deutche Zusammenarbeit, GIZ Srbija, Republika Srbija- Vlada, Kancelarija za evropske integracije<\/em><\/li><\/ul><p>\u00a0<\/p>","_et_gb_content_width":"","footnotes":""},"class_list":["post-332","page","type-page","status-publish","hentry"],"yoast_head":"<!-- This site is optimized with the Yoast SEO plugin v27.2 - https:\/\/yoast.com\/product\/yoast-seo-wordpress\/ -->\n<title>About us | Law Office Obradovi\u0107 &amp; Vulovi\u0107<\/title>\n<meta name=\"description\" content=\"Law Office AOV is operating in the fields of civil and criminal law, providing its services to foreign and domestic clients.\" \/>\n<meta name=\"robots\" content=\"index, follow, max-snippet:-1, max-image-preview:large, max-video-preview:-1\" \/>\n<link rel=\"canonical\" href=\"https:\/\/pro-legal-team.rs\/en\/about-us\/\" \/>\n<meta property=\"og:locale\" content=\"en_US\" \/>\n<meta property=\"og:type\" content=\"article\" \/>\n<meta property=\"og:title\" content=\"About us | Law Office Obradovi\u0107 &amp; Vulovi\u0107\" \/>\n<meta property=\"og:description\" content=\"Law Office AOV is operating in the fields of civil and criminal law, providing its services to foreign and domestic clients.\" \/>\n<meta property=\"og:url\" content=\"https:\/\/pro-legal-team.rs\/en\/about-us\/\" \/>\n<meta property=\"og:site_name\" content=\"Advokatska kancelarija OV\" \/>\n<meta property=\"article:publisher\" content=\"https:\/\/www.facebook.com\/prolegalteam\" \/>\n<meta property=\"article:modified_time\" content=\"2016-09-17T08:21:40+00:00\" \/>\n<meta name=\"twitter:label1\" content=\"Est. reading time\" \/>\n\t<meta name=\"twitter:data1\" content=\"2 minutes\" \/>\n<script type=\"application\/ld+json\" class=\"yoast-schema-graph\">{\"@context\":\"https:\/\/schema.org\",\"@graph\":[{\"@type\":\"WebPage\",\"@id\":\"https:\/\/pro-legal-team.rs\/en\/about-us\/\",\"url\":\"https:\/\/pro-legal-team.rs\/en\/about-us\/\",\"name\":\"About us | Law Office Obradovi\u0107 & Vulovi\u0107\",\"isPartOf\":{\"@id\":\"https:\/\/pro-legal-team.rs\/#website\"},\"datePublished\":\"2014-10-13T13:55:13+00:00\",\"dateModified\":\"2016-09-17T08:21:40+00:00\",\"description\":\"Law Office AOV is operating in the fields of civil and criminal law, providing its services to foreign and domestic clients.\",\"breadcrumb\":{\"@id\":\"https:\/\/pro-legal-team.rs\/en\/about-us\/#breadcrumb\"},\"inLanguage\":\"en-US\",\"potentialAction\":[{\"@type\":\"ReadAction\",\"target\":[\"https:\/\/pro-legal-team.rs\/en\/about-us\/\"]}]},{\"@type\":\"BreadcrumbList\",\"@id\":\"https:\/\/pro-legal-team.rs\/en\/about-us\/#breadcrumb\",\"itemListElement\":[{\"@type\":\"ListItem\",\"position\":1,\"name\":\"Po\u010detna\",\"item\":\"https:\/\/pro-legal-team.rs\/en\/\"},{\"@type\":\"ListItem\",\"position\":2,\"name\":\"About us\"}]},{\"@type\":\"WebSite\",\"@id\":\"https:\/\/pro-legal-team.rs\/#website\",\"url\":\"https:\/\/pro-legal-team.rs\/\",\"name\":\"Advokatska kancelarija OV\",\"description\":\"\",\"publisher\":{\"@id\":\"https:\/\/pro-legal-team.rs\/#organization\"},\"alternateName\":\"Advokatska kancelarija Obradovi\u0107 Vulovi\u0107\",\"potentialAction\":[{\"@type\":\"SearchAction\",\"target\":{\"@type\":\"EntryPoint\",\"urlTemplate\":\"https:\/\/pro-legal-team.rs\/?s={search_term_string}\"},\"query-input\":{\"@type\":\"PropertyValueSpecification\",\"valueRequired\":true,\"valueName\":\"search_term_string\"}}],\"inLanguage\":\"en-US\"},{\"@type\":\"Organization\",\"@id\":\"https:\/\/pro-legal-team.rs\/#organization\",\"name\":\"Advokatska kancelarija Obradovi\u0107 Vulovi\u0107\",\"alternateName\":\"Advokatska kancelarija OV\",\"url\":\"https:\/\/pro-legal-team.rs\/\",\"logo\":{\"@type\":\"ImageObject\",\"inLanguage\":\"en-US\",\"@id\":\"https:\/\/pro-legal-team.rs\/#\/schema\/logo\/image\/\",\"url\":\"https:\/\/pro-legal-team.rs\/wp-content\/uploads\/2022\/06\/AOV-Advokatska_kancelarija_Obradovic_Vulovic.jpg\",\"contentUrl\":\"https:\/\/pro-legal-team.rs\/wp-content\/uploads\/2022\/06\/AOV-Advokatska_kancelarija_Obradovic_Vulovic.jpg\",\"width\":1920,\"height\":1280,\"caption\":\"Advokatska kancelarija Obradovi\u0107 Vulovi\u0107\"},\"image\":{\"@id\":\"https:\/\/pro-legal-team.rs\/#\/schema\/logo\/image\/\"},\"sameAs\":[\"https:\/\/www.facebook.com\/prolegalteam\"]}]}<\/script>\n<!-- \/ Yoast SEO plugin. -->","yoast_head_json":{"title":"About us | Law Office Obradovi\u0107 & Vulovi\u0107","description":"Law Office AOV is operating in the fields of civil and criminal law, providing its services to foreign and domestic clients.","robots":{"index":"index","follow":"follow","max-snippet":"max-snippet:-1","max-image-preview":"max-image-preview:large","max-video-preview":"max-video-preview:-1"},"canonical":"https:\/\/pro-legal-team.rs\/en\/about-us\/","og_locale":"en_US","og_type":"article","og_title":"About us | Law Office Obradovi\u0107 & Vulovi\u0107","og_description":"Law Office AOV is operating in the fields of civil and criminal law, providing its services to foreign and domestic clients.","og_url":"https:\/\/pro-legal-team.rs\/en\/about-us\/","og_site_name":"Advokatska kancelarija OV","article_publisher":"https:\/\/www.facebook.com\/prolegalteam","article_modified_time":"2016-09-17T08:21:40+00:00","twitter_misc":{"Est. reading time":"2 minutes"},"schema":{"@context":"https:\/\/schema.org","@graph":[{"@type":"WebPage","@id":"https:\/\/pro-legal-team.rs\/en\/about-us\/","url":"https:\/\/pro-legal-team.rs\/en\/about-us\/","name":"About us | Law Office Obradovi\u0107 & Vulovi\u0107","isPartOf":{"@id":"https:\/\/pro-legal-team.rs\/#website"},"datePublished":"2014-10-13T13:55:13+00:00","dateModified":"2016-09-17T08:21:40+00:00","description":"Law Office AOV is operating in the fields of civil and criminal law, providing its services to foreign and domestic clients.","breadcrumb":{"@id":"https:\/\/pro-legal-team.rs\/en\/about-us\/#breadcrumb"},"inLanguage":"en-US","potentialAction":[{"@type":"ReadAction","target":["https:\/\/pro-legal-team.rs\/en\/about-us\/"]}]},{"@type":"BreadcrumbList","@id":"https:\/\/pro-legal-team.rs\/en\/about-us\/#breadcrumb","itemListElement":[{"@type":"ListItem","position":1,"name":"Po\u010detna","item":"https:\/\/pro-legal-team.rs\/en\/"},{"@type":"ListItem","position":2,"name":"About us"}]},{"@type":"WebSite","@id":"https:\/\/pro-legal-team.rs\/#website","url":"https:\/\/pro-legal-team.rs\/","name":"Advokatska kancelarija OV","description":"","publisher":{"@id":"https:\/\/pro-legal-team.rs\/#organization"},"alternateName":"Advokatska kancelarija Obradovi\u0107 Vulovi\u0107","potentialAction":[{"@type":"SearchAction","target":{"@type":"EntryPoint","urlTemplate":"https:\/\/pro-legal-team.rs\/?s={search_term_string}"},"query-input":{"@type":"PropertyValueSpecification","valueRequired":true,"valueName":"search_term_string"}}],"inLanguage":"en-US"},{"@type":"Organization","@id":"https:\/\/pro-legal-team.rs\/#organization","name":"Advokatska kancelarija Obradovi\u0107 Vulovi\u0107","alternateName":"Advokatska kancelarija OV","url":"https:\/\/pro-legal-team.rs\/","logo":{"@type":"ImageObject","inLanguage":"en-US","@id":"https:\/\/pro-legal-team.rs\/#\/schema\/logo\/image\/","url":"https:\/\/pro-legal-team.rs\/wp-content\/uploads\/2022\/06\/AOV-Advokatska_kancelarija_Obradovic_Vulovic.jpg","contentUrl":"https:\/\/pro-legal-team.rs\/wp-content\/uploads\/2022\/06\/AOV-Advokatska_kancelarija_Obradovic_Vulovic.jpg","width":1920,"height":1280,"caption":"Advokatska kancelarija Obradovi\u0107 Vulovi\u0107"},"image":{"@id":"https:\/\/pro-legal-team.rs\/#\/schema\/logo\/image\/"},"sameAs":["https:\/\/www.facebook.com\/prolegalteam"]}]}},"_links":{"self":[{"href":"https:\/\/pro-legal-team.rs\/en\/wp-json\/wp\/v2\/pages\/332","targetHints":{"allow":["GET"]}}],"collection":[{"href":"https:\/\/pro-legal-team.rs\/en\/wp-json\/wp\/v2\/pages"}],"about":[{"href":"https:\/\/pro-legal-team.rs\/en\/wp-json\/wp\/v2\/types\/page"}],"author":[{"embeddable":true,"href":"https:\/\/pro-legal-team.rs\/en\/wp-json\/wp\/v2\/users\/1"}],"replies":[{"embeddable":true,"href":"https:\/\/pro-legal-team.rs\/en\/wp-json\/wp\/v2\/comments?post=332"}],"version-history":[{"count":5,"href":"https:\/\/pro-legal-team.rs\/en\/wp-json\/wp\/v2\/pages\/332\/revisions"}],"predecessor-version":[{"id":673,"href":"https:\/\/pro-legal-team.rs\/en\/wp-json\/wp\/v2\/pages\/332\/revisions\/673"}],"wp:attachment":[{"href":"https:\/\/pro-legal-team.rs\/en\/wp-json\/wp\/v2\/media?parent=332"}],"curies":[{"name":"wp","href":"https:\/\/api.w.org\/{rel}","templated":true}]}}